{"id":9,"date":"2024-05-24T08:59:07","date_gmt":"2024-05-24T08:59:07","guid":{"rendered":"https:\/\/ny.falkenbergsrevyn.se\/?page_id=9"},"modified":"2024-08-20T14:23:46","modified_gmt":"2024-08-20T14:23:46","slug":"bussresor","status":"publish","type":"page","link":"https:\/\/ny.falkenbergsrevyn.se\/index.php\/bussresor\/","title":{"rendered":"Bussresor"},"content":{"rendered":"\t\t<div data-elementor-type=\"wp-page\" data-elementor-id=\"9\" class=\"elementor elementor-9\" data-elementor-post-type=\"page\">\n\t\t\t\t<div class=\"elementor-element elementor-element-1609c1a8 e-con-full e-flex e-con e-parent\" data-id=\"1609c1a8\" data-element_type=\"container\" data-settings=\"{&quot;background_background&quot;:&quot;classic&quot;}\">\n\t\t\t\t<div class=\"elementor-element elementor-element-39d70366 elementor-widget elementor-widget-spacer\" data-id=\"39d70366\" data-element_type=\"widget\" data-widget_type=\"spacer.default\">\n\t\t\t\t<div class=\"elementor-widget-container\">\n\t\t\t<style>\/*! elementor - v3.23.0 - 05-08-2024 *\/\n.elementor-column .elementor-spacer-inner{height:var(--spacer-size)}.e-con{--container-widget-width:100%}.e-con-inner>.elementor-widget-spacer,.e-con>.elementor-widget-spacer{width:var(--container-widget-width,var(--spacer-size));--align-self:var(--container-widget-align-self,initial);--flex-shrink:0}.e-con-inner>.elementor-widget-spacer>.elementor-widget-container,.e-con>.elementor-widget-spacer>.elementor-widget-container{height:100%;width:100%}.e-con-inner>.elementor-widget-spacer>.elementor-widget-container>.elementor-spacer,.e-con>.elementor-widget-spacer>.elementor-widget-container>.elementor-spacer{height:100%}.e-con-inner>.elementor-widget-spacer>.elementor-widget-container>.elementor-spacer>.elementor-spacer-inner,.e-con>.elementor-widget-spacer>.elementor-widget-container>.elementor-spacer>.elementor-spacer-inner{height:var(--container-widget-height,var(--spacer-size))}.e-con-inner>.elementor-widget-spacer.elementor-widget-empty,.e-con>.elementor-widget-spacer.elementor-widget-empty{position:relative;min-height:22px;min-width:22px}.e-con-inner>.elementor-widget-spacer.elementor-widget-empty .elementor-widget-empty-icon,.e-con>.elementor-widget-spacer.elementor-widget-empty .elementor-widget-empty-icon{position:absolute;top:0;bottom:0;left:0;right:0;margin:auto;padding:0;width:22px;height:22px}<\/style>\t\t<div class=\"elementor-spacer\">\n\t\t\t<div class=\"elementor-spacer-inner\"><\/div>\n\t\t<\/div>\n\t\t\t\t<\/div>\n\t\t\t\t<\/div>\n\t\t\t\t<div class=\"elementor-element elementor-element-4e44d4a8 elementor-widget elementor-widget-image\" data-id=\"4e44d4a8\" data-element_type=\"widget\" data-widget_type=\"image.default\">\n\t\t\t\t<div class=\"elementor-widget-container\">\n\t\t\t<style>\/*! elementor - v3.23.0 - 05-08-2024 *\/\n.elementor-widget-image{text-align:center}.elementor-widget-image a{display:inline-block}.elementor-widget-image a img[src$=\".svg\"]{width:48px}.elementor-widget-image img{vertical-align:middle;display:inline-block}<\/style>\t\t\t\t\t\t\t\t\t\t<img fetchpriority=\"high\" decoding=\"async\" width=\"768\" height=\"246\" src=\"https:\/\/ny.falkenbergsrevyn.se\/wp-content\/uploads\/2024\/08\/Skruvat-logo-768x246.png\" class=\"attachment-medium_large size-medium_large wp-image-91\" alt=\"\" srcset=\"https:\/\/ny.falkenbergsrevyn.se\/wp-content\/uploads\/2024\/08\/Skruvat-logo-768x246.png 768w, https:\/\/ny.falkenbergsrevyn.se\/wp-content\/uploads\/2024\/08\/Skruvat-logo-300x96.png 300w, https:\/\/ny.falkenbergsrevyn.se\/wp-content\/uploads\/2024\/08\/Skruvat-logo-1024x329.png 1024w, https:\/\/ny.falkenbergsrevyn.se\/wp-content\/uploads\/2024\/08\/Skruvat-logo-1536x493.png 1536w, https:\/\/ny.falkenbergsrevyn.se\/wp-content\/uploads\/2024\/08\/Skruvat-logo-2048x657.png 2048w\" sizes=\"(max-width: 768px) 100vw, 768px\" \/>\t\t\t\t\t\t\t\t\t\t\t\t\t<\/div>\n\t\t\t\t<\/div>\n\t\t\t\t<div class=\"elementor-element elementor-element-c4ee298 elementor-widget elementor-widget-spacer\" data-id=\"c4ee298\" data-element_type=\"widget\" data-widget_type=\"spacer.default\">\n\t\t\t\t<div class=\"elementor-widget-container\">\n\t\t\t\t\t<div class=\"elementor-spacer\">\n\t\t\t<div class=\"elementor-spacer-inner\"><\/div>\n\t\t<\/div>\n\t\t\t\t<\/div>\n\t\t\t\t<\/div>\n\t\t\t\t<\/div>\n\t\t<div class=\"elementor-element elementor-element-c5c7496 e-con-full e-flex e-con e-parent\" data-id=\"c5c7496\" data-element_type=\"container\" data-settings=\"{&quot;background_background&quot;:&quot;classic&quot;}\">\n\t\t\t\t<div class=\"elementor-element elementor-element-27edb4a9 elementor-widget elementor-widget-spacer\" data-id=\"27edb4a9\" data-element_type=\"widget\" data-widget_type=\"spacer.default\">\n\t\t\t\t<div class=\"elementor-widget-container\">\n\t\t\t\t\t<div class=\"elementor-spacer\">\n\t\t\t<div class=\"elementor-spacer-inner\"><\/div>\n\t\t<\/div>\n\t\t\t\t<\/div>\n\t\t\t\t<\/div>\n\t\t\t\t<div class=\"elementor-element elementor-element-169049d2 elementor-widget elementor-widget-heading\" data-id=\"169049d2\" data-element_type=\"widget\" data-widget_type=\"heading.default\">\n\t\t\t\t<div class=\"elementor-widget-container\">\n\t\t\t<style>\/*! elementor - v3.23.0 - 05-08-2024 *\/\n.elementor-heading-title{padding:0;margin:0;line-height:1}.elementor-widget-heading .elementor-heading-title[class*=elementor-size-]>a{color:inherit;font-size:inherit;line-height:inherit}.elementor-widget-heading .elementor-heading-title.elementor-size-small{font-size:15px}.elementor-widget-heading .elementor-heading-title.elementor-size-medium{font-size:19px}.elementor-widget-heading .elementor-heading-title.elementor-size-large{font-size:29px}.elementor-widget-heading .elementor-heading-title.elementor-size-xl{font-size:39px}.elementor-widget-heading .elementor-heading-title.elementor-size-xxl{font-size:59px}<\/style><h1 class=\"elementor-heading-title elementor-size-default\">TA BUSSEN TILL FALKENBERGSREVYN<\/h1>\t\t<\/div>\n\t\t\t\t<\/div>\n\t\t<div class=\"elementor-element elementor-element-7225b7b2 e-grid e-con-boxed e-con e-child\" data-id=\"7225b7b2\" data-element_type=\"container\">\n\t\t\t\t\t<div class=\"e-con-inner\">\n\t\t\t\t<div class=\"elementor-element elementor-element-4005f9b1 elementor-widget elementor-widget-text-editor\" data-id=\"4005f9b1\" data-element_type=\"widget\" data-widget_type=\"text-editor.default\">\n\t\t\t\t<div class=\"elementor-widget-container\">\n\t\t\t<style>\/*! elementor - v3.23.0 - 05-08-2024 *\/\n.elementor-widget-text-editor.elementor-drop-cap-view-stacked .elementor-drop-cap{background-color:#69727d;color:#fff}.elementor-widget-text-editor.elementor-drop-cap-view-framed .elementor-drop-cap{color:#69727d;border:3px solid;background-color:transparent}.elementor-widget-text-editor:not(.elementor-drop-cap-view-default) .elementor-drop-cap{margin-top:8px}.elementor-widget-text-editor:not(.elementor-drop-cap-view-default) .elementor-drop-cap-letter{width:1em;height:1em}.elementor-widget-text-editor .elementor-drop-cap{float:left;text-align:center;line-height:1;font-size:50px}.elementor-widget-text-editor .elementor-drop-cap-letter{display:inline-block}<\/style>\t\t\t\t<h2><span style=\"color: #ffffff;\">I SAMARBETE MED FALKENBERGSREVYN<\/span><\/h2><p><span style=\"color: #ffffff;\">Falkenbergsrevyn samarbetar med en rad olika bussbolag runtom i Sverige. De i sin tur erbjuder egna paketerbjudanden med biljett och bussresa.<\/span><\/p><p><span style=\"color: #ffffff;\">H\u00e4r nedan listar vi samtliga bussbolag som k\u00f6r till Falkenbergsrevyn.<\/span><\/p><p><span style=\"color: #ffffff;\">Tack vare dessa samarbetspartners kan du njuta av en bekymmersfri resa och en of\u00f6rgl\u00f6mlig upplevelse p\u00e5 Falkenbergsrevyn. V\u00e4lkommen ombord!<\/span><\/p><p><span style=\"color: #ffffff;\">F\u00f6r bussbolag eller andra st\u00f6rre s\u00e4llskap som vill boka biljetter s\u00e5 ring Sara, Linda eller Anna p\u00e5 biljettbokningen p\u00e5 telefon\u00a00346-170 49\u00a0eller maila till\u00a0biljettbokning@falkenbergsrevyn.se\u00a0eller boka via formul\u00e4r nedan. Vi tar emot f\u00f6rbokning l\u00f6pande och de l\u00e4ggs in i systemet i turordning efter huruvida de kommit in till oss.<\/span><\/p>\t\t\t\t\t\t<\/div>\n\t\t\t\t<\/div>\n\t\t\t\t<div class=\"elementor-element elementor-element-48912fe elementor-widget elementor-widget-image\" data-id=\"48912fe\" data-element_type=\"widget\" data-widget_type=\"image.default\">\n\t\t\t\t<div class=\"elementor-widget-container\">\n\t\t\t\t\t\t\t\t\t\t\t\t\t<img decoding=\"async\" width=\"1968\" height=\"2560\" src=\"https:\/\/ny.falkenbergsrevyn.se\/wp-content\/uploads\/2024\/08\/Thomas-touring-scaled.jpg\" class=\"attachment-full size-full wp-image-128\" alt=\"\" srcset=\"https:\/\/ny.falkenbergsrevyn.se\/wp-content\/uploads\/2024\/08\/Thomas-touring-scaled.jpg 1968w, https:\/\/ny.falkenbergsrevyn.se\/wp-content\/uploads\/2024\/08\/Thomas-touring-231x300.jpg 231w, https:\/\/ny.falkenbergsrevyn.se\/wp-content\/uploads\/2024\/08\/Thomas-touring-787x1024.jpg 787w, https:\/\/ny.falkenbergsrevyn.se\/wp-content\/uploads\/2024\/08\/Thomas-touring-768x999.jpg 768w, https:\/\/ny.falkenbergsrevyn.se\/wp-content\/uploads\/2024\/08\/Thomas-touring-1181x1536.jpg 1181w, https:\/\/ny.falkenbergsrevyn.se\/wp-content\/uploads\/2024\/08\/Thomas-touring-1574x2048.jpg 1574w\" sizes=\"(max-width: 1968px) 100vw, 1968px\" \/>\t\t\t\t\t\t\t\t\t\t\t\t\t<\/div>\n\t\t\t\t<\/div>\n\t\t\t\t<div class=\"elementor-element elementor-element-934cc75 elementor-widget elementor-widget-text-editor\" data-id=\"934cc75\" data-element_type=\"widget\" data-widget_type=\"text-editor.default\">\n\t\t\t\t<div class=\"elementor-widget-container\">\n\t\t\t\t\t\t\t<h2><span style=\"color: #ffffff;\">Bussbolag som k\u00f6r till falkenbergsrevyn<\/span><\/h2><p><span style=\"color: #ffffff;\">Columbus Resor,\u00a0\u00a0Uddevalla, 0522-58 58 30<\/span><br \/><span style=\"color: #ffffff;\">Ertur,\u00a0\u00a0Halmstad, 035-299 66 60<\/span><br \/><span style=\"color: #ffffff;\">Forslund\u00a0Touring,\u00a0\u00a0Frilles\u00e5s, 0340-66 29 50<\/span><br \/><span style=\"color: #ffffff;\">Gustavssons busstrafik,\u00a0Mullsj\u00f6, 0392-314 20<\/span><br \/><span style=\"color: #ffffff;\">Hagestads Touring,\u00a0L\u00f6derup, 0411-52 41 75<\/span><br \/><span style=\"color: #ffffff;\">Horredstrafiken AB,\u00a0\u00a0Horred, 0320-800 20<\/span><br \/><span style=\"color: #ffffff;\">Ivar Svensson Trafik AB,\u00a0\u00a0Bredaryd, 0371-700 29<\/span><br \/><span style=\"color: #ffffff;\">JoRo Buss,\u00a0 Eksj\u00f6, 0381-15 000<\/span><br \/><span style=\"color: #ffffff;\">Kagans Resor, Kristianstad,\u00a0 044-10 00 85<\/span><br \/><span style=\"color: #ffffff;\">Karl Everts Busstouring,\u00a0\u00a0Trollh\u00e4ttan, 0520-325 43<\/span><br \/><span style=\"color: #ffffff;\">Kinna BTR-resor,\u00a0\u00a0Kinna, 0320-135 59<\/span><br \/><span style=\"color: #ffffff;\">Komfortresor,\u00a0\u00a0G\u00f6teborg, 031-41 12 00<\/span><br \/><span style=\"color: #ffffff;\">Leja Touring,\u00a0\u00a0Landvetter, 031-87 08 60\u00a0<\/span><br \/><span style=\"color: #ffffff;\">Nordia Buss &amp; Resor,\u00a0\u00a0R\u00f6nn\u00e4ng, 0304-67 72 22<\/span><br \/><span style=\"color: #ffffff;\">Nybergs Buss,,\u00a0Lidk\u00f6ping, 0510-70 000<\/span><br \/><span style=\"color: #ffffff;\">Rek\u00e5 Resor AB,\u00a0\u00a0G\u00f6teborg, 031-22 21 20<\/span><br \/><span style=\"color: #ffffff;\">ResemakarnV\u00e4nersborg, 0521-69535<\/span><br \/><span style=\"color: #ffffff;\">Rolfs Flyg &amp; Buss,\u00a0G\u00f6teborg, 031-55 00 00<\/span><br \/><span style=\"color: #ffffff;\">RP Sport &amp; N\u00f6jen,\u00a0Trelleborg, 0410-428 83<\/span><br \/><span style=\"color: #ffffff;\">Ryssbygdens Buss,\u00a0Ryssby, 0372-400 20<\/span><br \/><span style=\"color: #ffffff;\">Schultz Resor,\u00a0Bredaryd, 0370-33 60 10<\/span><br \/><span style=\"color: #ffffff;\">S O S \u2013 Resor,\u00a0Falkenberg, 0346-130 27<\/span><br \/><span style=\"color: #ffffff;\">Ulriks Buss,\u00a0M\u00e5lsryd, Bor\u00e5s, 033-24 96 41<\/span><br \/><span style=\"color: #ffffff;\">Veddige Buss &amp; Transport,\u00a0Veddige, 0340-300 08<\/span><br \/><span style=\"color: #ffffff;\">VisioNi,\u00a0Munka-Ljungby, 0702-26 32 57<\/span><br \/><span style=\"color: #ffffff;\">\u00c4ngbergs busstrafik, Sollebrunn, 0322-402 87<\/span><\/p>\t\t\t\t\t\t<\/div>\n\t\t\t\t<\/div>\n\t\t\t\t\t<\/div>\n\t\t\t\t<\/div>\n\t\t\t\t<\/div>\n\t\t\t\t<\/div>\n\t\t","protected":false},"excerpt":{"rendered":"<p>TA BUSSEN TILL FALKENBERGSREVYN I SAMARBETE MED FALKENBERGSREVYN Falkenbergsrevyn samarbetar med en rad olika bussbolag runtom i Sverige. De i sin tur erbjuder egna paketerbjudanden med biljett och bussresa. H\u00e4r nedan listar vi samtliga bussbolag som k\u00f6r till Falkenbergsrevyn. Tack vare dessa samarbetspartners kan du njuta av en bekymmersfri resa och en of\u00f6rgl\u00f6mlig upplevelse p\u00e5 Falkenbergsrevyn. V\u00e4lkommen ombord! F\u00f6r bussbolag eller andra st\u00f6rre s\u00e4llskap som vill boka biljetter s\u00e5 ring Sara, Linda eller Anna p\u00e5 biljettbokningen p\u00e5 telefon\u00a00346-170 49\u00a0eller maila till\u00a0biljettbokning@falkenbergsrevyn.se\u00a0eller boka via formul\u00e4r nedan. Vi tar emot f\u00f6rbokning l\u00f6pande och de l\u00e4ggs in i systemet i turordning efter huruvida de kommit in till oss. Bussbolag som k\u00f6r till falkenbergsrevyn Columbus Resor,\u00a0\u00a0Uddevalla, 0522-58 58 30Ertur,\u00a0\u00a0Halmstad, 035-299 66 60Forslund\u00a0Touring,\u00a0\u00a0Frilles\u00e5s, 0340-66 29 50Gustavssons busstrafik,\u00a0Mullsj\u00f6, 0392-314 20Hagestads Touring,\u00a0L\u00f6derup, 0411-52 41 75Horredstrafiken AB,\u00a0\u00a0Horred, 0320-800 20Ivar Svensson Trafik AB,\u00a0\u00a0Bredaryd, 0371-700 29JoRo Buss,\u00a0 Eksj\u00f6, 0381-15 000Kagans Resor, Kristianstad,\u00a0 044-10 00 85Karl Everts Busstouring,\u00a0\u00a0Trollh\u00e4ttan, 0520-325 43Kinna BTR-resor,\u00a0\u00a0Kinna,&hellip;<\/p>\n<p> <a class=\"more-link\" href=\"https:\/\/ny.falkenbergsrevyn.se\/index.php\/bussresor\/\">L\u00e4s mer<\/a><\/p>\n","protected":false},"author":1,"featured_media":0,"parent":0,"menu_order":0,"comment_status":"closed","ping_status":"closed","template":"","meta":{"footnotes":""},"class_list":["post-9","page","type-page","status-publish"],"_links":{"self":[{"href":"https:\/\/ny.falkenbergsrevyn.se\/index.php\/wp-json\/wp\/v2\/pages\/9","targetHints":{"allow":["GET"]}}],"collection":[{"href":"https:\/\/ny.falkenbergsrevyn.se\/index.php\/wp-json\/wp\/v2\/pages"}],"about":[{"href":"https:\/\/ny.falkenbergsrevyn.se\/index.php\/wp-json\/wp\/v2\/types\/page"}],"author":[{"embeddable":true,"href":"https:\/\/ny.falkenbergsrevyn.se\/index.php\/wp-json\/wp\/v2\/users\/1"}],"replies":[{"embeddable":true,"href":"https:\/\/ny.falkenbergsrevyn.se\/index.php\/wp-json\/wp\/v2\/comments?post=9"}],"version-history":[{"count":42,"href":"https:\/\/ny.falkenbergsrevyn.se\/index.php\/wp-json\/wp\/v2\/pages\/9\/revisions"}],"predecessor-version":[{"id":219,"href":"https:\/\/ny.falkenbergsrevyn.se\/index.php\/wp-json\/wp\/v2\/pages\/9\/revisions\/219"}],"wp:attachment":[{"href":"https:\/\/ny.falkenbergsrevyn.se\/index.php\/wp-json\/wp\/v2\/media?parent=9"}],"curies":[{"name":"wp","href":"https:\/\/api.w.org\/{rel}","templated":true}]}}