{"id":15,"date":"2024-05-24T08:59:48","date_gmt":"2024-05-24T08:59:48","guid":{"rendered":"https:\/\/ny.falkenbergsrevyn.se\/?page_id=15"},"modified":"2024-09-03T17:56:31","modified_gmt":"2024-09-03T17:56:31","slug":"startsida","status":"publish","type":"page","link":"https:\/\/ny.falkenbergsrevyn.se\/","title":{"rendered":"startsida"},"content":{"rendered":"\t\t<div data-elementor-type=\"wp-page\" data-elementor-id=\"15\" class=\"elementor elementor-15\" data-elementor-post-type=\"page\">\n\t\t\t\t<div class=\"elementor-element elementor-element-ff42824 e-con-full e-flex e-con e-parent\" data-id=\"ff42824\" data-element_type=\"container\">\n\t\t\t\t<div class=\"elementor-element elementor-element-d915a54 elementor-widget elementor-widget-image\" data-id=\"d915a54\" data-element_type=\"widget\" data-widget_type=\"image.default\">\n\t\t\t\t<div class=\"elementor-widget-container\">\n\t\t\t<style>\/*! elementor - v3.23.0 - 05-08-2024 *\/\n.elementor-widget-image{text-align:center}.elementor-widget-image a{display:inline-block}.elementor-widget-image a img[src$=\".svg\"]{width:48px}.elementor-widget-image img{vertical-align:middle;display:inline-block}<\/style>\t\t\t\t\t\t\t\t\t\t<img fetchpriority=\"high\" decoding=\"async\" width=\"2151\" height=\"1177\" src=\"https:\/\/ny.falkenbergsrevyn.se\/wp-content\/uploads\/2024\/09\/Namnlost-2.jpg\" class=\"attachment-full size-full wp-image-233\" alt=\"\" srcset=\"https:\/\/ny.falkenbergsrevyn.se\/wp-content\/uploads\/2024\/09\/Namnlost-2.jpg 2151w, https:\/\/ny.falkenbergsrevyn.se\/wp-content\/uploads\/2024\/09\/Namnlost-2-300x164.jpg 300w, https:\/\/ny.falkenbergsrevyn.se\/wp-content\/uploads\/2024\/09\/Namnlost-2-1024x560.jpg 1024w, https:\/\/ny.falkenbergsrevyn.se\/wp-content\/uploads\/2024\/09\/Namnlost-2-768x420.jpg 768w, https:\/\/ny.falkenbergsrevyn.se\/wp-content\/uploads\/2024\/09\/Namnlost-2-1536x840.jpg 1536w, https:\/\/ny.falkenbergsrevyn.se\/wp-content\/uploads\/2024\/09\/Namnlost-2-2048x1121.jpg 2048w\" sizes=\"(max-width: 2151px) 100vw, 2151px\" \/>\t\t\t\t\t\t\t\t\t\t\t\t\t<\/div>\n\t\t\t\t<\/div>\n\t\t\t\t<\/div>\n\t\t<div class=\"elementor-element elementor-element-1466060 e-flex e-con-boxed e-con e-parent\" data-id=\"1466060\" data-element_type=\"container\">\n\t\t\t\t\t<div class=\"e-con-inner\">\n\t\t\t\t<div class=\"elementor-element elementor-element-9947481 elementor-widget elementor-widget-heading\" data-id=\"9947481\" data-element_type=\"widget\" data-widget_type=\"heading.default\">\n\t\t\t\t<div class=\"elementor-widget-container\">\n\t\t\t<style>\/*! elementor - v3.23.0 - 05-08-2024 *\/\n.elementor-heading-title{padding:0;margin:0;line-height:1}.elementor-widget-heading .elementor-heading-title[class*=elementor-size-]>a{color:inherit;font-size:inherit;line-height:inherit}.elementor-widget-heading .elementor-heading-title.elementor-size-small{font-size:15px}.elementor-widget-heading .elementor-heading-title.elementor-size-medium{font-size:19px}.elementor-widget-heading .elementor-heading-title.elementor-size-large{font-size:29px}.elementor-widget-heading .elementor-heading-title.elementor-size-xl{font-size:39px}.elementor-widget-heading .elementor-heading-title.elementor-size-xxl{font-size:59px}<\/style><h1 class=\"elementor-heading-title elementor-size-default\">BILJETTSL\u00c4PP 13 SEPTEMBER 09.00<\/h1>\t\t<\/div>\n\t\t\t\t<\/div>\n\t\t\t\t<div class=\"elementor-element elementor-element-e7a16de elementor-widget elementor-widget-text-editor\" data-id=\"e7a16de\" data-element_type=\"widget\" data-widget_type=\"text-editor.default\">\n\t\t\t\t<div class=\"elementor-widget-container\">\n\t\t\t<style>\/*! elementor - v3.23.0 - 05-08-2024 *\/\n.elementor-widget-text-editor.elementor-drop-cap-view-stacked .elementor-drop-cap{background-color:#69727d;color:#fff}.elementor-widget-text-editor.elementor-drop-cap-view-framed .elementor-drop-cap{color:#69727d;border:3px solid;background-color:transparent}.elementor-widget-text-editor:not(.elementor-drop-cap-view-default) .elementor-drop-cap{margin-top:8px}.elementor-widget-text-editor:not(.elementor-drop-cap-view-default) .elementor-drop-cap-letter{width:1em;height:1em}.elementor-widget-text-editor .elementor-drop-cap{float:left;text-align:center;line-height:1;font-size:50px}.elementor-widget-text-editor .elementor-drop-cap-letter{display:inline-block}<\/style>\t\t\t\t<p>Om du missade v\u00e5r senaste revy p\u00e5 plats i Falkenberg eller vill se den igen s\u00e5 s\u00e4nds den fortfarande p\u00e5\u00a0<a href=\"https:\/\/www.svtplay.se\/video\/e4zXEbv\/falkenbergsrevyn-1\/falkenbergsrevyn-2024-tvardrag\">SVT Play<\/a>.\u00a0 Vi lovar en revy som p\u00e5 ett lekfullt s\u00e4tt skojar med sv\u00e5r samtid.\u00a0<\/p><p>Till vintern har vi Smygpremi\u00e4r den 4 januari och Galapremi\u00e4r den 5 januari och ni kan redan nu maila och best\u00e4lla biljetter till dessa f\u00f6rest\u00e4llningar. Det g\u00e5r \u00e4ven att h\u00f6ra av sig med f\u00f6rbokning f\u00f6r grupper som \u00e4r minst 20 personer och d\u00e5 fyller ni i formul\u00e4ret h\u00e4r intill eller mailar till biljettbokning@falkenbergsrevyn.se<br \/><br \/>Vi lanserar ocks\u00e5 i dagarna en ny f\u00f6rest\u00e4llning f\u00f6r barn som vi kallat f\u00f6r\u00a0<strong>FalkenBARNSrevyn<\/strong>\u00a0som\u00a0 spelas p\u00e5 Stadsteatern under h\u00f6stlovet mellan 26\/10 \u2013 2\/11. L\u00e4s mer och boka p\u00e5\u00a0 www.falkenBARNSrevyn.se och h\u00e4r sl\u00e4pps biljetterna den 23\/8. Ni kan \u00e4ven ringa tel. 0346-170 49.<\/p><p><strong>Varmt<\/strong>\u00a0v<b>\u00e4lkomna tillbaka som revyg\u00e4ster!<\/b><\/p><p><strong>Magnus Wernersson<\/strong><br \/><strong>Producenten\u00a0<\/strong><\/p>\t\t\t\t\t\t<\/div>\n\t\t\t\t<\/div>\n\t\t\t\t\t<\/div>\n\t\t\t\t<\/div>\n\t\t<div class=\"elementor-element elementor-element-44d2c00 e-flex e-con-boxed e-con e-parent\" data-id=\"44d2c00\" data-element_type=\"container\">\n\t\t\t\t\t<div class=\"e-con-inner\">\n\t\t<div class=\"elementor-element elementor-element-e3779e0 e-con-full e-flex e-con e-child\" data-id=\"e3779e0\" data-element_type=\"container\">\n\t\t\t\t<div class=\"elementor-element elementor-element-21e2984 elementor-widget elementor-widget-image\" data-id=\"21e2984\" data-element_type=\"widget\" data-widget_type=\"image.default\">\n\t\t\t\t<div class=\"elementor-widget-container\">\n\t\t\t\t\t\t\t\t\t\t\t\t\t<img fetchpriority=\"high\" decoding=\"async\" width=\"2151\" height=\"1177\" src=\"https:\/\/ny.falkenbergsrevyn.se\/wp-content\/uploads\/2024\/09\/Namnlost-2.jpg\" class=\"attachment-full size-full wp-image-233\" alt=\"\" srcset=\"https:\/\/ny.falkenbergsrevyn.se\/wp-content\/uploads\/2024\/09\/Namnlost-2.jpg 2151w, https:\/\/ny.falkenbergsrevyn.se\/wp-content\/uploads\/2024\/09\/Namnlost-2-300x164.jpg 300w, https:\/\/ny.falkenbergsrevyn.se\/wp-content\/uploads\/2024\/09\/Namnlost-2-1024x560.jpg 1024w, https:\/\/ny.falkenbergsrevyn.se\/wp-content\/uploads\/2024\/09\/Namnlost-2-768x420.jpg 768w, https:\/\/ny.falkenbergsrevyn.se\/wp-content\/uploads\/2024\/09\/Namnlost-2-1536x840.jpg 1536w, https:\/\/ny.falkenbergsrevyn.se\/wp-content\/uploads\/2024\/09\/Namnlost-2-2048x1121.jpg 2048w\" sizes=\"(max-width: 2151px) 100vw, 2151px\" \/>\t\t\t\t\t\t\t\t\t\t\t\t\t<\/div>\n\t\t\t\t<\/div>\n\t\t\t\t<div class=\"elementor-element elementor-element-ac35c98 elementor-widget elementor-widget-text-editor\" data-id=\"ac35c98\" data-element_type=\"widget\" data-widget_type=\"text-editor.default\">\n\t\t\t\t<div class=\"elementor-widget-container\">\n\t\t\t\t\t\t\t<p>Lorem ipsum dolor sit amet, consectetur adipiscing elit. Ut elit tellus, luctus nec ullamcorper mattis, pulvinar dapibus leo.<\/p>\t\t\t\t\t\t<\/div>\n\t\t\t\t<\/div>\n\t\t\t\t<div class=\"elementor-element elementor-element-73b48af elementor-widget elementor-widget-button\" data-id=\"73b48af\" data-element_type=\"widget\" data-widget_type=\"button.default\">\n\t\t\t\t<div class=\"elementor-widget-container\">\n\t\t\t\t\t<div class=\"elementor-button-wrapper\">\n\t\t\t<a class=\"elementor-button elementor-button-link elementor-size-sm\" href=\"#\">\n\t\t\t\t\t\t<span class=\"elementor-button-content-wrapper\">\n\t\t\t\t\t\t\t\t\t<span class=\"elementor-button-text\">Klicka h\u00e4r<\/span>\n\t\t\t\t\t<\/span>\n\t\t\t\t\t<\/a>\n\t\t<\/div>\n\t\t\t\t<\/div>\n\t\t\t\t<\/div>\n\t\t\t\t<\/div>\n\t\t<div class=\"elementor-element elementor-element-4dc1847 e-con-full e-flex e-con e-child\" data-id=\"4dc1847\" data-element_type=\"container\">\n\t\t\t\t<div class=\"elementor-element elementor-element-9a427ba elementor-widget elementor-widget-image\" data-id=\"9a427ba\" data-element_type=\"widget\" data-widget_type=\"image.default\">\n\t\t\t\t<div class=\"elementor-widget-container\">\n\t\t\t\t\t\t\t\t\t\t\t\t\t<img decoding=\"async\" src=\"https:\/\/ny.falkenbergsrevyn.se\/wp-content\/plugins\/elementor\/assets\/images\/placeholder.png\" title=\"\" alt=\"\" loading=\"lazy\" \/>\t\t\t\t\t\t\t\t\t\t\t\t\t<\/div>\n\t\t\t\t<\/div>\n\t\t\t\t<div class=\"elementor-element elementor-element-dc0cb81 elementor-widget elementor-widget-text-editor\" data-id=\"dc0cb81\" data-element_type=\"widget\" data-widget_type=\"text-editor.default\">\n\t\t\t\t<div class=\"elementor-widget-container\">\n\t\t\t\t\t\t\t<p>Lorem ipsum dolor sit amet, consectetur adipiscing elit. Ut elit tellus, luctus nec ullamcorper mattis, pulvinar dapibus leo.<\/p>\t\t\t\t\t\t<\/div>\n\t\t\t\t<\/div>\n\t\t\t\t<div class=\"elementor-element elementor-element-111fd4a elementor-widget elementor-widget-button\" data-id=\"111fd4a\" data-element_type=\"widget\" data-widget_type=\"button.default\">\n\t\t\t\t<div class=\"elementor-widget-container\">\n\t\t\t\t\t<div class=\"elementor-button-wrapper\">\n\t\t\t<a class=\"elementor-button elementor-button-link elementor-size-sm\" href=\"#\">\n\t\t\t\t\t\t<span class=\"elementor-button-content-wrapper\">\n\t\t\t\t\t\t\t\t\t<span class=\"elementor-button-text\">Klicka h\u00e4r<\/span>\n\t\t\t\t\t<\/span>\n\t\t\t\t\t<\/a>\n\t\t<\/div>\n\t\t\t\t<\/div>\n\t\t\t\t<\/div>\n\t\t\t\t<\/div>\n\t\t\t\t\t<\/div>\n\t\t\t\t<\/div>\n\t\t<div class=\"elementor-element elementor-element-379f04e e-flex e-con-boxed e-con e-parent\" data-id=\"379f04e\" data-element_type=\"container\">\n\t\t\t\t\t<div class=\"e-con-inner\">\n\t\t<div class=\"elementor-element elementor-element-74a41ba e-con-full e-flex e-con e-child\" data-id=\"74a41ba\" data-element_type=\"container\">\n\t\t\t\t<\/div>\n\t\t\t\t\t<\/div>\n\t\t\t\t<\/div>\n\t\t\t\t<\/div>\n\t\t","protected":false},"excerpt":{"rendered":"<p>BILJETTSL\u00c4PP 13 SEPTEMBER 09.00 Om du missade v\u00e5r senaste revy p\u00e5 plats i Falkenberg eller vill se den igen s\u00e5 s\u00e4nds den fortfarande p\u00e5\u00a0SVT Play.\u00a0 Vi lovar en revy som p\u00e5 ett lekfullt s\u00e4tt skojar med sv\u00e5r samtid.\u00a0 Till vintern har vi Smygpremi\u00e4r den 4 januari och Galapremi\u00e4r den 5 januari och ni kan redan nu maila och best\u00e4lla biljetter till dessa f\u00f6rest\u00e4llningar. Det g\u00e5r \u00e4ven att h\u00f6ra av sig med f\u00f6rbokning f\u00f6r grupper som \u00e4r minst 20 personer och d\u00e5 fyller ni i formul\u00e4ret h\u00e4r intill eller mailar till biljettbokning@falkenbergsrevyn.se Vi lanserar ocks\u00e5 i dagarna en ny f\u00f6rest\u00e4llning f\u00f6r barn som vi kallat f\u00f6r\u00a0FalkenBARNSrevyn\u00a0som\u00a0 spelas p\u00e5 Stadsteatern under h\u00f6stlovet mellan 26\/10 \u2013 2\/11. L\u00e4s mer och boka p\u00e5\u00a0 www.falkenBARNSrevyn.se och h\u00e4r sl\u00e4pps biljetterna den 23\/8. Ni kan \u00e4ven ringa tel. 0346-170 49. Varmt\u00a0v\u00e4lkomna tillbaka som revyg\u00e4ster! Magnus WernerssonProducenten\u00a0 Lorem ipsum dolor sit amet, consectetur adipiscing elit. Ut elit tellus,&hellip;<\/p>\n<p> <a class=\"more-link\" href=\"https:\/\/ny.falkenbergsrevyn.se\/\">L\u00e4s mer<\/a><\/p>\n","protected":false},"author":1,"featured_media":0,"parent":0,"menu_order":0,"comment_status":"closed","ping_status":"closed","template":"elementor_header_footer","meta":{"footnotes":""},"class_list":["post-15","page","type-page","status-publish"],"_links":{"self":[{"href":"https:\/\/ny.falkenbergsrevyn.se\/index.php\/wp-json\/wp\/v2\/pages\/15","targetHints":{"allow":["GET"]}}],"collection":[{"href":"https:\/\/ny.falkenbergsrevyn.se\/index.php\/wp-json\/wp\/v2\/pages"}],"about":[{"href":"https:\/\/ny.falkenbergsrevyn.se\/index.php\/wp-json\/wp\/v2\/types\/page"}],"author":[{"embeddable":true,"href":"https:\/\/ny.falkenbergsrevyn.se\/index.php\/wp-json\/wp\/v2\/users\/1"}],"replies":[{"embeddable":true,"href":"https:\/\/ny.falkenbergsrevyn.se\/index.php\/wp-json\/wp\/v2\/comments?post=15"}],"version-history":[{"count":97,"href":"https:\/\/ny.falkenbergsrevyn.se\/index.php\/wp-json\/wp\/v2\/pages\/15\/revisions"}],"predecessor-version":[{"id":313,"href":"https:\/\/ny.falkenbergsrevyn.se\/index.php\/wp-json\/wp\/v2\/pages\/15\/revisions\/313"}],"wp:attachment":[{"href":"https:\/\/ny.falkenbergsrevyn.se\/index.php\/wp-json\/wp\/v2\/media?parent=15"}],"curies":[{"name":"wp","href":"https:\/\/api.w.org\/{rel}","templated":true}]}}