{"id":11,"date":"2024-05-24T08:59:17","date_gmt":"2024-05-24T08:59:17","guid":{"rendered":"https:\/\/ny.falkenbergsrevyn.se\/?page_id=11"},"modified":"2024-08-21T11:28:24","modified_gmt":"2024-08-21T11:28:24","slug":"media","status":"publish","type":"page","link":"https:\/\/ny.falkenbergsrevyn.se\/index.php\/media\/","title":{"rendered":"media"},"content":{"rendered":"\t\t<div data-elementor-type=\"wp-page\" data-elementor-id=\"11\" class=\"elementor elementor-11\" data-elementor-post-type=\"page\">\n\t\t\t\t<div class=\"elementor-element elementor-element-552c4ac1 e-con-full e-flex e-con e-parent\" data-id=\"552c4ac1\" data-element_type=\"container\" data-settings=\"{&quot;background_background&quot;:&quot;classic&quot;}\">\n\t\t\t\t<div class=\"elementor-element elementor-element-54163296 elementor-widget elementor-widget-spacer\" data-id=\"54163296\" data-element_type=\"widget\" data-widget_type=\"spacer.default\">\n\t\t\t\t<div class=\"elementor-widget-container\">\n\t\t\t<style>\/*! elementor - v3.23.0 - 05-08-2024 *\/\n.elementor-column .elementor-spacer-inner{height:var(--spacer-size)}.e-con{--container-widget-width:100%}.e-con-inner>.elementor-widget-spacer,.e-con>.elementor-widget-spacer{width:var(--container-widget-width,var(--spacer-size));--align-self:var(--container-widget-align-self,initial);--flex-shrink:0}.e-con-inner>.elementor-widget-spacer>.elementor-widget-container,.e-con>.elementor-widget-spacer>.elementor-widget-container{height:100%;width:100%}.e-con-inner>.elementor-widget-spacer>.elementor-widget-container>.elementor-spacer,.e-con>.elementor-widget-spacer>.elementor-widget-container>.elementor-spacer{height:100%}.e-con-inner>.elementor-widget-spacer>.elementor-widget-container>.elementor-spacer>.elementor-spacer-inner,.e-con>.elementor-widget-spacer>.elementor-widget-container>.elementor-spacer>.elementor-spacer-inner{height:var(--container-widget-height,var(--spacer-size))}.e-con-inner>.elementor-widget-spacer.elementor-widget-empty,.e-con>.elementor-widget-spacer.elementor-widget-empty{position:relative;min-height:22px;min-width:22px}.e-con-inner>.elementor-widget-spacer.elementor-widget-empty .elementor-widget-empty-icon,.e-con>.elementor-widget-spacer.elementor-widget-empty .elementor-widget-empty-icon{position:absolute;top:0;bottom:0;left:0;right:0;margin:auto;padding:0;width:22px;height:22px}<\/style>\t\t<div class=\"elementor-spacer\">\n\t\t\t<div class=\"elementor-spacer-inner\"><\/div>\n\t\t<\/div>\n\t\t\t\t<\/div>\n\t\t\t\t<\/div>\n\t\t\t\t<div class=\"elementor-element elementor-element-1a77ec47 elementor-widget elementor-widget-image\" data-id=\"1a77ec47\" data-element_type=\"widget\" data-widget_type=\"image.default\">\n\t\t\t\t<div class=\"elementor-widget-container\">\n\t\t\t<style>\/*! elementor - v3.23.0 - 05-08-2024 *\/\n.elementor-widget-image{text-align:center}.elementor-widget-image a{display:inline-block}.elementor-widget-image a img[src$=\".svg\"]{width:48px}.elementor-widget-image img{vertical-align:middle;display:inline-block}<\/style>\t\t\t\t\t\t\t\t\t\t<img fetchpriority=\"high\" decoding=\"async\" width=\"768\" height=\"246\" src=\"https:\/\/ny.falkenbergsrevyn.se\/wp-content\/uploads\/2024\/08\/Skruvat-logo-768x246.png\" class=\"attachment-medium_large size-medium_large wp-image-91\" alt=\"\" srcset=\"https:\/\/ny.falkenbergsrevyn.se\/wp-content\/uploads\/2024\/08\/Skruvat-logo-768x246.png 768w, https:\/\/ny.falkenbergsrevyn.se\/wp-content\/uploads\/2024\/08\/Skruvat-logo-300x96.png 300w, https:\/\/ny.falkenbergsrevyn.se\/wp-content\/uploads\/2024\/08\/Skruvat-logo-1024x329.png 1024w, https:\/\/ny.falkenbergsrevyn.se\/wp-content\/uploads\/2024\/08\/Skruvat-logo-1536x493.png 1536w, https:\/\/ny.falkenbergsrevyn.se\/wp-content\/uploads\/2024\/08\/Skruvat-logo-2048x657.png 2048w\" sizes=\"(max-width: 768px) 100vw, 768px\" \/>\t\t\t\t\t\t\t\t\t\t\t\t\t<\/div>\n\t\t\t\t<\/div>\n\t\t\t\t<div class=\"elementor-element elementor-element-2332949e elementor-widget elementor-widget-spacer\" data-id=\"2332949e\" data-element_type=\"widget\" data-widget_type=\"spacer.default\">\n\t\t\t\t<div class=\"elementor-widget-container\">\n\t\t\t\t\t<div class=\"elementor-spacer\">\n\t\t\t<div class=\"elementor-spacer-inner\"><\/div>\n\t\t<\/div>\n\t\t\t\t<\/div>\n\t\t\t\t<\/div>\n\t\t\t\t<\/div>\n\t\t<div class=\"elementor-element elementor-element-34bf170 e-con-full e-flex e-con e-parent\" data-id=\"34bf170\" data-element_type=\"container\" data-settings=\"{&quot;background_background&quot;:&quot;classic&quot;}\">\n\t\t\t\t<div class=\"elementor-element elementor-element-ed0cde4 elementor-widget elementor-widget-spacer\" data-id=\"ed0cde4\" data-element_type=\"widget\" data-widget_type=\"spacer.default\">\n\t\t\t\t<div class=\"elementor-widget-container\">\n\t\t\t\t\t<div class=\"elementor-spacer\">\n\t\t\t<div class=\"elementor-spacer-inner\"><\/div>\n\t\t<\/div>\n\t\t\t\t<\/div>\n\t\t\t\t<\/div>\n\t\t\t\t<div class=\"elementor-element elementor-element-324900f elementor-widget elementor-widget-heading\" data-id=\"324900f\" data-element_type=\"widget\" data-widget_type=\"heading.default\">\n\t\t\t\t<div class=\"elementor-widget-container\">\n\t\t\t<style>\/*! elementor - v3.23.0 - 05-08-2024 *\/\n.elementor-heading-title{padding:0;margin:0;line-height:1}.elementor-widget-heading .elementor-heading-title[class*=elementor-size-]>a{color:inherit;font-size:inherit;line-height:inherit}.elementor-widget-heading .elementor-heading-title.elementor-size-small{font-size:15px}.elementor-widget-heading .elementor-heading-title.elementor-size-medium{font-size:19px}.elementor-widget-heading .elementor-heading-title.elementor-size-large{font-size:29px}.elementor-widget-heading .elementor-heading-title.elementor-size-xl{font-size:39px}.elementor-widget-heading .elementor-heading-title.elementor-size-xxl{font-size:59px}<\/style><h1 class=\"elementor-heading-title elementor-size-default\">PRESS<\/h1>\t\t<\/div>\n\t\t\t\t<\/div>\n\t\t<div class=\"elementor-element elementor-element-21d64de e-grid e-con-boxed e-con e-child\" data-id=\"21d64de\" data-element_type=\"container\">\n\t\t\t\t\t<div class=\"e-con-inner\">\n\t\t\t\t<div class=\"elementor-element elementor-element-4fb9530 elementor-widget elementor-widget-text-editor\" data-id=\"4fb9530\" data-element_type=\"widget\" data-widget_type=\"text-editor.default\">\n\t\t\t\t<div class=\"elementor-widget-container\">\n\t\t\t<style>\/*! elementor - v3.23.0 - 05-08-2024 *\/\n.elementor-widget-text-editor.elementor-drop-cap-view-stacked .elementor-drop-cap{background-color:#69727d;color:#fff}.elementor-widget-text-editor.elementor-drop-cap-view-framed .elementor-drop-cap{color:#69727d;border:3px solid;background-color:transparent}.elementor-widget-text-editor:not(.elementor-drop-cap-view-default) .elementor-drop-cap{margin-top:8px}.elementor-widget-text-editor:not(.elementor-drop-cap-view-default) .elementor-drop-cap-letter{width:1em;height:1em}.elementor-widget-text-editor .elementor-drop-cap{float:left;text-align:center;line-height:1;font-size:50px}.elementor-widget-text-editor .elementor-drop-cap-letter{display:inline-block}<\/style>\t\t\t\t<h1 style=\"text-align: center;\"><span style=\"color: #ffffff;\">MEDIA 2024<\/span><\/h1><p style=\"text-align: center;\"><span style=\"color: #ffffff;\">HN \u2013 5\/1 2024\u00a0<a style=\"color: #ffffff;\" href=\"https:\/\/www.hn.se\/noje\/falkenbergs-galapremiar-lockade-nye-landshovdingen.c1d5148f-c1e5-4126-99be-f8d75bdf2e90\">\u201dFalkenbergs Galapremi\u00e4r lockar nye landsh\u00f6vdingen\u201d<\/a><\/span><br \/><span style=\"color: #ffffff;\">Gotlands Allehanda \u2013 13\/1 2024\u00a0<a style=\"color: #ffffff;\" href=\"http:\/\/xn--gotlnningen%20bosatte%20sig%20p%20bilfri%20%20%20debuterar%20nu%20(helagotland-3pg1i32e7y76m.se)\/\" data-wplink-url-error=\"true\">\u201dGotl\u00e4nningen bosatte sig p\u00e5 bilfri \u00f6\u201d<\/a><\/span><br \/><span style=\"color: #ffffff;\">HN \u2013 3\/1 2024\u00a0\u201d<a style=\"color: #ffffff;\" href=\"https:\/\/www.hn.se\/n%C3%B6je\/scen\/fredrik-vahlgren-lugn-inf%C3%B6r-f%C3%B6rsta-falkenbergsrevyn-1.118432394\">Fredrik Vahlgren ny p\u00e5 scen<\/a>\u201d<\/span><br \/><span style=\"color: #ffffff;\">HN \u2013 27\/12 2023\u00a0<a style=\"color: #ffffff;\" href=\"https:\/\/www.hn.se\/n%C3%B6je\/scen\/fredrik-dillberg-har-revyscenografi-i-blodet-1.118407709\">\u201dFredrik Dillberg har scenografi i blodet\u201d<\/a><\/span><br \/><span style=\"color: #ffffff;\">HN \u2013 22\/12 2023\u00a0<a style=\"color: #ffffff;\" href=\"https:\/\/www.hn.se\/n%C3%B6je\/scen\/kostym%C3%B6ren-caroline-eriksson-%C3%A4r-tredubbelt-aktuell-1.118158785\">\u201dFalkenbergsrevyns kostym\u00f6r Caroline Eriksson\u201d<\/a><\/span><br \/><span style=\"color: #ffffff;\">Sveriges Radio Halland den \u2013 30\/11 2023\u00a0<a style=\"color: #ffffff;\" href=\"https:\/\/sverigesradio.se\/artikel\/janne-snippa-och-snus-falkenbergsrevyn-skamtar-om-halland\">\u201dJanne, snippa och snus \u2013 Falkenbergsrevyn sk\u00e4mtar om Halland\u201d<\/a><\/span><\/p>\t\t\t\t\t\t<\/div>\n\t\t\t\t<\/div>\n\t\t\t\t<div class=\"elementor-element elementor-element-2b4407c elementor-widget elementor-widget-text-editor\" data-id=\"2b4407c\" data-element_type=\"widget\" data-widget_type=\"text-editor.default\">\n\t\t\t\t<div class=\"elementor-widget-container\">\n\t\t\t\t\t\t\t<h1 style=\"text-align: center;\"><span style=\"color: #ffffff;\">PRESSINFORMATION 2024<\/span><\/h1><ul><li><span style=\"color: #ffffff;\"><a style=\"color: #ffffff;\" href=\"https:\/\/falkenbergsrevyn.se\/wp-content\/uploads\/2024\/01\/Pressinformation-om-Falkenbergsrevyn-9-januari.pdf\">9\/1 2024 \u2013\u00a0Kulturupplevelser lockar \u00e4ven i bistra tider<\/a><\/span><\/li><li><span style=\"color: #ffffff;\"><a style=\"color: #ffffff;\" href=\"https:\/\/falkenbergsrevyn.se\/wp-content\/uploads\/2024\/01\/Pressinformation-om-Falkenbergsrevyn-8-januari.pdf\">8\/1 2024 \u2013 Nu s\u00e4ljer vi biljetter som innan pandemin<\/a><\/span><\/li><li><span style=\"color: #ffffff;\"><a style=\"color: #ffffff;\" href=\"https:\/\/falkenbergsrevyn.se\/wp-content\/uploads\/2024\/01\/Pressinformation-om-Falkenbergsrevyn-3-januari.pdf\">3\/1 2024 \u2013 Nu \u00e4r vi laddade f\u00f6r en h\u00e4rlig revys\u00e4song<\/a><\/span><\/li><li><span style=\"color: #ffffff;\"><a style=\"color: #ffffff;\" href=\"https:\/\/falkenbergsrevyn.se\/wp-content\/uploads\/2024\/01\/Pressinformation-om-Falkenbergsrevyn-8-december.pdf\">8\/12 2023 \u2013 P\u00e5 onsdag testar vi alla kostymer<\/a><\/span><\/li><li><span style=\"color: #ffffff;\"><a style=\"color: #ffffff;\" href=\"https:\/\/falkenbergsrevyn.se\/wp-content\/uploads\/2024\/01\/Pressinformation-om-Falkenbergsrevyn-30-november.pdf\">13\/11 2023 \u2013 Dags att \u00e4ntra scenen f\u00f6r en m\u00e5nads repetitioner<\/a><\/span><\/li><li><span style=\"color: #ffffff;\"><a style=\"color: #ffffff;\" href=\"https:\/\/falkenbergsrevyn.se\/wp-content\/uploads\/2023\/08\/Pressinformation-om-Fredrik-Vahlgren-8-augusti.pdf\">8\/8 2023 \u2013 Fredrik Vahlgren ny p\u00e5 scen i Falkenbergsrevyn<\/a><\/span><\/li><\/ul><p style=\"text-align: left;\">\u00a0<\/p>\t\t\t\t\t\t<\/div>\n\t\t\t\t<\/div>\n\t\t\t\t<div class=\"elementor-element elementor-element-2cc7654 elementor-widget elementor-widget-text-editor\" data-id=\"2cc7654\" data-element_type=\"widget\" data-widget_type=\"text-editor.default\">\n\t\t\t\t<div class=\"elementor-widget-container\">\n\t\t\t\t\t\t\t<h1 style=\"text-align: center;\"><span style=\"color: #ffffff;\">BILDER 2024<\/span><\/h1><p style=\"text-align: center;\"><span style=\"color: #ffffff;\">H\u00e4r finner ni\u00a0 pressbilder f\u00f6r Falkenbergsrevyn<\/span><\/p><p style=\"text-align: center;\"><span style=\"color: #ffffff;\">Vid pressfr\u00e5gor kontakta:<\/span><\/p><p style=\"text-align: center;\"><span style=\"color: #ffffff;\">magnus@falkenbergsrevyn.se<\/span><\/p><p style=\"text-align: center;\"><span style=\"color: #ffffff;\"><strong>Magnus Wernersson<\/strong><\/span><br \/><span style=\"color: #ffffff;\"><em>Falkenbergsrevyn<\/em><\/span><\/p>\t\t\t\t\t\t<\/div>\n\t\t\t\t<\/div>\n\t\t\t\t\t<\/div>\n\t\t\t\t<\/div>\n\t\t\t\t<\/div>\n\t\t<div class=\"elementor-element elementor-element-46bccfb e-con-full e-flex e-con e-parent\" data-id=\"46bccfb\" data-element_type=\"container\" data-settings=\"{&quot;background_background&quot;:&quot;classic&quot;}\">\n\t\t\t\t<div class=\"elementor-element elementor-element-57d8be6 elementor-widget elementor-widget-spacer\" data-id=\"57d8be6\" data-element_type=\"widget\" data-widget_type=\"spacer.default\">\n\t\t\t\t<div class=\"elementor-widget-container\">\n\t\t\t\t\t<div class=\"elementor-spacer\">\n\t\t\t<div class=\"elementor-spacer-inner\"><\/div>\n\t\t<\/div>\n\t\t\t\t<\/div>\n\t\t\t\t<\/div>\n\t\t\t\t<\/div>\n\t\t\t\t<\/div>\n\t\t","protected":false},"excerpt":{"rendered":"<p>PRESS MEDIA 2024 HN \u2013 5\/1 2024\u00a0\u201dFalkenbergs Galapremi\u00e4r lockar nye landsh\u00f6vdingen\u201dGotlands Allehanda \u2013 13\/1 2024\u00a0\u201dGotl\u00e4nningen bosatte sig p\u00e5 bilfri \u00f6\u201dHN \u2013 3\/1 2024\u00a0\u201dFredrik Vahlgren ny p\u00e5 scen\u201dHN \u2013 27\/12 2023\u00a0\u201dFredrik Dillberg har scenografi i blodet\u201dHN \u2013 22\/12 2023\u00a0\u201dFalkenbergsrevyns kostym\u00f6r Caroline Eriksson\u201dSveriges Radio Halland den \u2013 30\/11 2023\u00a0\u201dJanne, snippa och snus \u2013 Falkenbergsrevyn sk\u00e4mtar om Halland\u201d PRESSINFORMATION 2024 9\/1 2024 \u2013\u00a0Kulturupplevelser lockar \u00e4ven i bistra tider 8\/1 2024 \u2013 Nu s\u00e4ljer vi biljetter som innan pandemin 3\/1 2024 \u2013 Nu \u00e4r vi laddade f\u00f6r en h\u00e4rlig revys\u00e4song 8\/12 2023 \u2013 P\u00e5 onsdag testar vi alla kostymer 13\/11 2023 \u2013 Dags att \u00e4ntra scenen f\u00f6r en m\u00e5nads repetitioner 8\/8 2023 \u2013 Fredrik Vahlgren ny p\u00e5 scen i Falkenbergsrevyn \u00a0 BILDER 2024 H\u00e4r finner ni\u00a0 pressbilder f\u00f6r Falkenbergsrevyn Vid pressfr\u00e5gor kontakta: magnus@falkenbergsrevyn.se Magnus WernerssonFalkenbergsrevyn<\/p>\n","protected":false},"author":1,"featured_media":0,"parent":0,"menu_order":0,"comment_status":"closed","ping_status":"closed","template":"","meta":{"footnotes":""},"class_list":["post-11","page","type-page","status-publish"],"_links":{"self":[{"href":"https:\/\/ny.falkenbergsrevyn.se\/index.php\/wp-json\/wp\/v2\/pages\/11","targetHints":{"allow":["GET"]}}],"collection":[{"href":"https:\/\/ny.falkenbergsrevyn.se\/index.php\/wp-json\/wp\/v2\/pages"}],"about":[{"href":"https:\/\/ny.falkenbergsrevyn.se\/index.php\/wp-json\/wp\/v2\/types\/page"}],"author":[{"embeddable":true,"href":"https:\/\/ny.falkenbergsrevyn.se\/index.php\/wp-json\/wp\/v2\/users\/1"}],"replies":[{"embeddable":true,"href":"https:\/\/ny.falkenbergsrevyn.se\/index.php\/wp-json\/wp\/v2\/comments?post=11"}],"version-history":[{"count":28,"href":"https:\/\/ny.falkenbergsrevyn.se\/index.php\/wp-json\/wp\/v2\/pages\/11\/revisions"}],"predecessor-version":[{"id":230,"href":"https:\/\/ny.falkenbergsrevyn.se\/index.php\/wp-json\/wp\/v2\/pages\/11\/revisions\/230"}],"wp:attachment":[{"href":"https:\/\/ny.falkenbergsrevyn.se\/index.php\/wp-json\/wp\/v2\/media?parent=11"}],"curies":[{"name":"wp","href":"https:\/\/api.w.org\/{rel}","templated":true}]}}